{"id":4868,"date":"2025-06-18T16:34:40","date_gmt":"2025-06-18T14:34:40","guid":{"rendered":"https:\/\/dmreformas.es\/?page_id=4868"},"modified":"2025-06-20T08:51:28","modified_gmt":"2025-06-20T06:51:28","slug":"servicios","status":"publish","type":"page","link":"https:\/\/dmreformas.es\/index.php\/servicios\/","title":{"rendered":"Servicios"},"content":{"rendered":"\t\t<div data-elementor-type=\"wp-page\" data-elementor-id=\"4868\" class=\"elementor elementor-4868\" data-elementor-post-type=\"page\">\n\t\t\t\t<div class=\"elementor-element elementor-element-689d31b e-con-full e-flex e-con e-parent\" data-id=\"689d31b\" data-element_type=\"container\" data-settings=\"{&quot;background_background&quot;:&quot;classic&quot;}\">\n\t\t\t\t<div class=\"elementor-element elementor-element-162da95 elementor-widget elementor-widget-spacer\" data-id=\"162da95\" data-element_type=\"widget\" data-widget_type=\"spacer.default\">\n\t\t\t\t<div class=\"elementor-widget-container\">\n\t\t\t\t\t\t\t<div class=\"elementor-spacer\">\n\t\t\t<div class=\"elementor-spacer-inner\"><\/div>\n\t\t<\/div>\n\t\t\t\t\t\t<\/div>\n\t\t\t\t<\/div>\n\t\t\t\t<div class=\"elementor-element elementor-element-dc0fe83 elementor-widget elementor-widget-tp-big-title\" data-id=\"dc0fe83\" data-element_type=\"widget\" data-widget_type=\"tp-big-title.default\">\n\t\t\t\t<div class=\"elementor-widget-container\">\n\t\t\t\t\t\r\n\r\n<h4 class=\"tp-home-2-section-text tp-el-section tp-el-title align-box\">Servicios<\/h4>\r\n\r\n\t\t\t\t<\/div>\n\t\t\t\t<\/div>\n\t\t\t\t<div class=\"elementor-element elementor-element-9ed17a5 elementor-widget elementor-widget-spacer\" data-id=\"9ed17a5\" data-element_type=\"widget\" data-widget_type=\"spacer.default\">\n\t\t\t\t<div class=\"elementor-widget-container\">\n\t\t\t\t\t\t\t<div class=\"elementor-spacer\">\n\t\t\t<div class=\"elementor-spacer-inner\"><\/div>\n\t\t<\/div>\n\t\t\t\t\t\t<\/div>\n\t\t\t\t<\/div>\n\t\t\t\t<\/div>\n\t\t<div class=\"elementor-element elementor-element-8326f29 e-flex e-con-boxed e-con e-parent\" data-id=\"8326f29\" data-element_type=\"container\" data-settings=\"{&quot;background_background&quot;:&quot;classic&quot;}\">\n\t\t\t\t\t<div class=\"e-con-inner\">\n\t\t<div class=\"elementor-element elementor-element-1de06717 e-con-full e-flex e-con e-child\" data-id=\"1de06717\" data-element_type=\"container\">\n\t\t\t\t<div class=\"elementor-element elementor-element-7f945f7c elementor-widget elementor-widget-tp-heading\" data-id=\"7f945f7c\" data-element_type=\"widget\" data-widget_type=\"tp-heading.default\">\n\t\t\t\t<div class=\"elementor-widget-container\">\n\t\t\t\t\t\r\n\r\n<div class=\"tp-offer-title-wrapper align-box tp-el-section \"  >\r\n\t\t<span class=\"tp-section-title-pre-2 tp-el-subtitle\">DM PROYECTOS Y REFORMAS<\/span>\r\n\t\t<h2 class=\"tp-section-title tp-el-title\">Nuestros Servicios<\/h2>\t<\/div>\r\n\r\n\t\t\t\t<\/div>\n\t\t\t\t<\/div>\n\t\t\t\t<\/div>\n\t\t<div class=\"elementor-element elementor-element-21661c49 e-con-full e-flex e-con e-child\" data-id=\"21661c49\" data-element_type=\"container\">\n\t\t\t\t<div class=\"elementor-element elementor-element-32406888 elementor-widget elementor-widget-services\" data-id=\"32406888\" data-element_type=\"widget\" data-widget_type=\"services.default\">\n\t\t\t\t<div class=\"elementor-widget-container\">\n\t\t\t\t\t\r\n\r\n<div class=\"tp-offer-2-item p-relative tp-offer-2-bg tp-el-section z-index-1 \"  >\r\n\r\n            <div class=\"tp-offer-2-icon\">\r\n            <span>\r\n                                <img decoding=\"async\" src=\"https:\/\/dmreformas.es\/wp-content\/uploads\/2025\/06\/dm_cocinas_-1.png\"\r\n                alt=\"\">\r\n                            <\/span>\r\n        <\/div>\r\n        <h2 class=\"tp-offer-2-title\"><a href=\"https:\/\/dmreformas.es\/index.php\/banos-y-cocinas\/\" target=\"_blank\" rel=\"nofollow\">Ba\u00f1os y Cocinas<\/a><\/h2>        <p>Dise\u00f1o, planificaci\u00f3n y reforma integral de ba\u00f1os y cocinas, adaptados a tu estilo de vida.<\/p>\r\n            <div class=\"tp-offer-2-btn\">\r\n        <a href=\"https:\/\/dmreformas.es\/index.php\/banos-y-cocinas\/\" target=\"_blank\" rel=\"nofollow\">\r\n            <span><i class=\"fa-regular fa-plus\"><\/i><\/span>\r\n        <\/a>\r\n    <\/div>\r\n            <div class=\"tp-offer-2-item-bg\" data-background=\"https:\/\/dmreformas.es\/wp-content\/uploads\/2025\/06\/una-cocina-con-una-gran-ventana-y-una-ventana-grande-scaled.jpg\"><\/div>\r\n    <\/div>\r\n\r\n\t\t\t\t<\/div>\n\t\t\t\t<\/div>\n\t\t\t\t<\/div>\n\t\t<div class=\"elementor-element elementor-element-12e21ef1 e-con-full e-flex e-con e-child\" data-id=\"12e21ef1\" data-element_type=\"container\">\n\t\t\t\t<div class=\"elementor-element elementor-element-788708b elementor-widget elementor-widget-services\" data-id=\"788708b\" data-element_type=\"widget\" data-widget_type=\"services.default\">\n\t\t\t\t<div class=\"elementor-widget-container\">\n\t\t\t\t\t\r\n\r\n<div class=\"tp-offer-2-item p-relative tp-offer-2-bg tp-el-section z-index-1 \"  >\r\n\r\n            <div class=\"tp-offer-2-icon\">\r\n            <span>\r\n                                <img decoding=\"async\" src=\"https:\/\/dmreformas.es\/wp-content\/uploads\/2025\/06\/dm_piscinas_-1.png\"\r\n                alt=\"\">\r\n                            <\/span>\r\n        <\/div>\r\n        <h2 class=\"tp-offer-2-title\"><a href=\"https:\/\/dmreformas.es\/index.php\/piscinas\/\" target=\"_blank\" rel=\"nofollow\">Piscinas<\/a><\/h2>        <p>Reformas de piscinas personalizadas: mejora de revestimientos, sistemas de filtrado, iluminaci\u00f3n y dise\u00f1o<\/p>\r\n            <div class=\"tp-offer-2-btn\">\r\n        <a href=\"https:\/\/dmreformas.es\/index.php\/piscinas\/\" target=\"_blank\" rel=\"nofollow\">\r\n            <span><i class=\"fa-regular fa-plus\"><\/i><\/span>\r\n        <\/a>\r\n    <\/div>\r\n            <div class=\"tp-offer-2-item-bg\" data-background=\"https:\/\/dmreformas.es\/wp-content\/uploads\/2025\/06\/un-lujoso-refugio-junto-la-piscina-en-un-paraiso-tropical-scaled.jpg\"><\/div>\r\n    <\/div>\r\n\r\n\t\t\t\t<\/div>\n\t\t\t\t<\/div>\n\t\t\t\t<\/div>\n\t\t<div class=\"elementor-element elementor-element-260ff094 e-con-full e-flex e-con e-child\" data-id=\"260ff094\" data-element_type=\"container\">\n\t\t\t\t<div class=\"elementor-element elementor-element-6cf55be1 elementor-widget elementor-widget-services\" data-id=\"6cf55be1\" data-element_type=\"widget\" data-widget_type=\"services.default\">\n\t\t\t\t<div class=\"elementor-widget-container\">\n\t\t\t\t\t\r\n\r\n<div class=\"tp-offer-2-item p-relative tp-offer-2-bg tp-el-section z-index-1 \"  >\r\n\r\n            <div class=\"tp-offer-2-icon\">\r\n            <span>\r\n                                <img decoding=\"async\" src=\"https:\/\/dmreformas.es\/wp-content\/uploads\/2025\/06\/dm_viviendas_-1.png\"\r\n                alt=\"\">\r\n                            <\/span>\r\n        <\/div>\r\n        <h2 class=\"tp-offer-2-title\"><a href=\"https:\/\/dmreformas.es\/index.php\/locales\/\" target=\"_blank\" rel=\"nofollow\">Locales<\/a><\/h2>        <p>Creamos espacios comerciales personalizados que reflejan la identidad de tu marca y optimizan el uso del local<\/p>\r\n            <div class=\"tp-offer-2-btn\">\r\n        <a href=\"https:\/\/dmreformas.es\/index.php\/locales\/\" target=\"_blank\" rel=\"nofollow\">\r\n            <span><i class=\"fa-regular fa-plus\"><\/i><\/span>\r\n        <\/a>\r\n    <\/div>\r\n            <div class=\"tp-offer-2-item-bg\" data-background=\"https:\/\/dmreformas.es\/wp-content\/uploads\/2024\/05\/feature-1-2.jpg\"><\/div>\r\n    <\/div>\r\n\r\n\t\t\t\t<\/div>\n\t\t\t\t<\/div>\n\t\t\t\t<\/div>\n\t\t<div class=\"elementor-element elementor-element-5eb878ba e-con-full e-flex e-con e-child\" data-id=\"5eb878ba\" data-element_type=\"container\">\n\t\t\t\t<div class=\"elementor-element elementor-element-2809a5a0 elementor-widget elementor-widget-services\" data-id=\"2809a5a0\" data-element_type=\"widget\" data-widget_type=\"services.default\">\n\t\t\t\t<div class=\"elementor-widget-container\">\n\t\t\t\t\t\r\n\r\n<div class=\"tp-offer-2-item p-relative tp-offer-2-bg tp-el-section z-index-1 \"  >\r\n\r\n            <div class=\"tp-offer-2-icon\">\r\n            <span>\r\n                                <img decoding=\"async\" src=\"https:\/\/dmreformas.es\/wp-content\/uploads\/2025\/06\/edificio.png\"\r\n                alt=\"\">\r\n                            <\/span>\r\n        <\/div>\r\n        <h2 class=\"tp-offer-2-title\"><a href=\"https:\/\/dmreformas.es\/index.php\/comunidades\/\" target=\"_blank\" rel=\"nofollow\">Comunidades<\/a><\/h2>        <p>Patios modernos y acogedores, listos para vivir experiencias inolvidables junto a familia y amigos<\/p>\r\n            <div class=\"tp-offer-2-btn\">\r\n        <a href=\"https:\/\/dmreformas.es\/index.php\/comunidades\/\" target=\"_blank\" rel=\"nofollow\">\r\n            <span><i class=\"fa-regular fa-plus\"><\/i><\/span>\r\n        <\/a>\r\n    <\/div>\r\n            <div class=\"tp-offer-2-item-bg\" data-background=\"https:\/\/dmreformas.es\/wp-content\/uploads\/2025\/06\/un-patio-con-una-mesa-y-sillas-y-flores-en-el.jpg\"><\/div>\r\n    <\/div>\r\n\r\n\t\t\t\t<\/div>\n\t\t\t\t<\/div>\n\t\t\t\t<\/div>\n\t\t<div class=\"elementor-element elementor-element-5bc2fbfc e-con-full e-flex e-con e-child\" data-id=\"5bc2fbfc\" data-element_type=\"container\">\n\t\t\t\t<div class=\"elementor-element elementor-element-59415898 elementor-widget elementor-widget-services\" data-id=\"59415898\" data-element_type=\"widget\" data-widget_type=\"services.default\">\n\t\t\t\t<div class=\"elementor-widget-container\">\n\t\t\t\t\t\r\n\r\n<div class=\"tp-offer-2-item p-relative tp-offer-2-bg tp-el-section z-index-1 \"  >\r\n\r\n            <div class=\"tp-offer-2-icon\">\r\n            <span>\r\n                                <img decoding=\"async\" src=\"https:\/\/dmreformas.es\/wp-content\/uploads\/2025\/06\/patios-1.png\"\r\n                alt=\"\">\r\n                            <\/span>\r\n        <\/div>\r\n        <h2 class=\"tp-offer-2-title\"><a href=\"https:\/\/dmreformas.es\/index.php\/viviendas\/\" target=\"_blank\" rel=\"nofollow\">Viviendas<\/a><\/h2>        <p>Dise\u00f1amos y ejecutamos reformas en viviendas que optimizan la luz, el espacio y la habitabilidad<\/p>\r\n            <div class=\"tp-offer-2-btn\">\r\n        <a href=\"https:\/\/dmreformas.es\/index.php\/viviendas\/\" target=\"_blank\" rel=\"nofollow\">\r\n            <span><i class=\"fa-regular fa-plus\"><\/i><\/span>\r\n        <\/a>\r\n    <\/div>\r\n            <div class=\"tp-offer-2-item-bg\" data-background=\"https:\/\/dmreformas.es\/wp-content\/uploads\/2024\/05\/feature-1-2.jpg\"><\/div>\r\n    <\/div>\r\n\r\n\t\t\t\t<\/div>\n\t\t\t\t<\/div>\n\t\t\t\t<\/div>\n\t\t<div class=\"elementor-element elementor-element-55536ad8 e-con-full e-flex e-con e-child\" data-id=\"55536ad8\" data-element_type=\"container\">\n\t\t\t\t<div class=\"elementor-element elementor-element-778d44f7 elementor-widget elementor-widget-services\" data-id=\"778d44f7\" data-element_type=\"widget\" data-widget_type=\"services.default\">\n\t\t\t\t<div class=\"elementor-widget-container\">\n\t\t\t\t\t\r\n\r\n<div class=\"tp-offer-2-item p-relative tp-offer-2-bg tp-el-section z-index-1 \"  >\r\n\r\n            <div class=\"tp-offer-2-icon\">\r\n            <span>\r\n                                <img decoding=\"async\" src=\"https:\/\/dmreformas.es\/wp-content\/uploads\/2025\/06\/dm_pergolas_-1.png\"\r\n                alt=\"\">\r\n                            <\/span>\r\n        <\/div>\r\n        <h2 class=\"tp-offer-2-title\"><a href=\"https:\/\/dmreformas.es\/index.php\/pergolas-y-barbacoas\/\" target=\"_blank\" rel=\"nofollow\"> P\u00e9rgolas y Barbacoas<\/a><\/h2>        <p>P\u00e9rgolas y barbacoas que transforman tu exterior en un espacio para disfrutar todo el a\u00f1o<\/p>\r\n            <div class=\"tp-offer-2-btn\">\r\n        <a href=\"https:\/\/dmreformas.es\/index.php\/pergolas-y-barbacoas\/\" target=\"_blank\" rel=\"nofollow\">\r\n            <span><i class=\"fa-regular fa-plus\"><\/i><\/span>\r\n        <\/a>\r\n    <\/div>\r\n            <div class=\"tp-offer-2-item-bg\" data-background=\"https:\/\/dmreformas.es\/wp-content\/uploads\/2025\/06\/el-gazebo-moderno-scaled.jpg\"><\/div>\r\n    <\/div>\r\n\r\n\t\t\t\t<\/div>\n\t\t\t\t<\/div>\n\t\t\t\t<\/div>\n\t\t<div class=\"elementor-element elementor-element-b650f69 e-con-full e-flex e-con e-child\" data-id=\"b650f69\" data-element_type=\"container\">\n\t\t\t\t<div class=\"elementor-element elementor-element-7a26fcd7 elementor-widget elementor-widget-services\" data-id=\"7a26fcd7\" data-element_type=\"widget\" data-widget_type=\"services.default\">\n\t\t\t\t<div class=\"elementor-widget-container\">\n\t\t\t\t\t\r\n\r\n<div class=\"tp-offer-2-item p-relative tp-offer-2-bg tp-el-section z-index-1 \"  >\r\n\r\n            <div class=\"tp-offer-2-icon\">\r\n            <span>\r\n                                <img decoding=\"async\" src=\"https:\/\/dmreformas.es\/wp-content\/uploads\/2025\/06\/dm_jardin-1.png\"\r\n                alt=\"\">\r\n                            <\/span>\r\n        <\/div>\r\n        <h2 class=\"tp-offer-2-title\"><a href=\"https:\/\/dmreformas.es\/index.php\/jardineras-y-cesped\/\" target=\"_blank\" rel=\"nofollow\">Jardineras y C\u00e9sped<\/a><\/h2>        <p>Jardines pensados para relajarte y compartir, integrando elementos naturales y soluciones pr\u00e1cticas<\/p>\r\n            <div class=\"tp-offer-2-btn\">\r\n        <a href=\"https:\/\/dmreformas.es\/index.php\/jardineras-y-cesped\/\" target=\"_blank\" rel=\"nofollow\">\r\n            <span><i class=\"fa-regular fa-plus\"><\/i><\/span>\r\n        <\/a>\r\n    <\/div>\r\n            <div class=\"tp-offer-2-item-bg\" data-background=\"https:\/\/dmreformas.es\/wp-content\/uploads\/2025\/06\/un-camino-de-jardin-con-flores-y-una-puerta-en-el-fondo.jpg\"><\/div>\r\n    <\/div>\r\n\r\n\t\t\t\t<\/div>\n\t\t\t\t<\/div>\n\t\t\t\t<\/div>\n\t\t<div class=\"elementor-element elementor-element-2754b606 e-con-full e-flex e-con e-child\" data-id=\"2754b606\" data-element_type=\"container\">\n\t\t\t\t<div class=\"elementor-element elementor-element-65750ab8 elementor-widget elementor-widget-services\" data-id=\"65750ab8\" data-element_type=\"widget\" data-widget_type=\"services.default\">\n\t\t\t\t<div class=\"elementor-widget-container\">\n\t\t\t\t\t\r\n\r\n<div class=\"tp-offer-2-item p-relative tp-offer-2-bg tp-el-section z-index-1 \"  >\r\n\r\n            <div class=\"tp-offer-2-icon\">\r\n            <span>\r\n                                <img decoding=\"async\" src=\"https:\/\/dmreformas.es\/wp-content\/uploads\/2025\/06\/patios_03.png\"\r\n                alt=\"\">\r\n                            <\/span>\r\n        <\/div>\r\n        <h2 class=\"tp-offer-2-title\"><a href=\"https:\/\/dmreformas.es\/index.php\/patios-y-entradas\/\" target=\"_blank\" rel=\"nofollow\">Patios y Entradas<\/a><\/h2>        <p>Transformamos tu entrada en un espacio atractivo y seguro, con materiales duraderos y acabados personalizados<\/p>\r\n            <div class=\"tp-offer-2-btn\">\r\n        <a href=\"https:\/\/dmreformas.es\/index.php\/patios-y-entradas\/\" target=\"_blank\" rel=\"nofollow\">\r\n            <span><i class=\"fa-regular fa-plus\"><\/i><\/span>\r\n        <\/a>\r\n    <\/div>\r\n            <div class=\"tp-offer-2-item-bg\" data-background=\"https:\/\/dmreformas.es\/wp-content\/uploads\/2025\/06\/jardineria-fotorrealista.jpg\"><\/div>\r\n    <\/div>\r\n\r\n\t\t\t\t<\/div>\n\t\t\t\t<\/div>\n\t\t\t\t<\/div>\n\t\t\t\t\t<\/div>\n\t\t\t\t<\/div>\n\t\t<div class=\"elementor-element elementor-element-8140024 e-flex e-con-boxed e-con e-parent\" data-id=\"8140024\" data-element_type=\"container\" data-settings=\"{&quot;background_background&quot;:&quot;classic&quot;}\">\n\t\t\t\t\t<div class=\"e-con-inner\">\n\t\t<div class=\"elementor-element elementor-element-213cebe e-con-full e-flex e-con e-child\" data-id=\"213cebe\" data-element_type=\"container\">\n\t\t\t\t<div class=\"elementor-element elementor-element-1e378ed elementor-widget elementor-widget-tp-contact-form\" data-id=\"1e378ed\" data-element_type=\"widget\" data-widget_type=\"tp-contact-form.default\">\n\t\t\t\t<div class=\"elementor-widget-container\">\n\t\t\t\t\t\r\n\r\n<div class=\"tp-team-details-form\">\r\n\t\t<span class=\"tp-section-title-pre-2\">Contacta con nosotros<\/span>\r\n\t\t<h2 class=\"tp-team-details-form-title\">Te asesoramos sin compromiso.<\/h2>\t\t<p>En DM Proyectos y Reformas ponemos a tu disposici\u00f3n un equipo t\u00e9cnico cualificado para asesorarte en cada fase de tu proyecto.\nSi deseas solicitar informaci\u00f3n, concertar una visita o recibir un presupuesto personalizado, no dudes en ponerte en contacto con nosotros<\/p>\r\n\t\t<div class=\"tp-team-details-form-wrap\">\r\n\t\t\t\t\n<div class=\"wpcf7 no-js\" id=\"wpcf7-f1729-o1\" lang=\"en-US\" dir=\"ltr\" data-wpcf7-id=\"1729\">\n<div class=\"screen-reader-response\"><p role=\"status\" aria-live=\"polite\" aria-atomic=\"true\"><\/p> <ul><\/ul><\/div>\n<form action=\"\/index.php\/wp-json\/wp\/v2\/pages\/4868#wpcf7-f1729-o1\" method=\"post\" class=\"wpcf7-form init\" aria-label=\"Contact form\" novalidate=\"novalidate\" data-status=\"init\">\n<div style=\"display: none;\">\n<input type=\"hidden\" name=\"_wpcf7\" value=\"1729\" \/>\n<input type=\"hidden\" name=\"_wpcf7_version\" value=\"6.0.6\" \/>\n<input type=\"hidden\" name=\"_wpcf7_locale\" value=\"en_US\" \/>\n<input type=\"hidden\" name=\"_wpcf7_unit_tag\" value=\"wpcf7-f1729-o1\" \/>\n<input type=\"hidden\" name=\"_wpcf7_container_post\" value=\"0\" \/>\n<input type=\"hidden\" name=\"_wpcf7_posted_data_hash\" value=\"\" \/>\n<\/div>\n<span class=\"wpcf7-form-control-wrap\" data-name=\"text-719\"><input size=\"40\" maxlength=\"400\" class=\"wpcf7-form-control wpcf7-text\" aria-invalid=\"false\" placeholder=\"Nombre y Apellidos\" value=\"\" type=\"text\" name=\"text-719\" \/><\/span>\n<span class=\"wpcf7-form-control-wrap\" data-name=\"email-781\"><input size=\"40\" maxlength=\"400\" class=\"wpcf7-form-control wpcf7-email wpcf7-text wpcf7-validates-as-email\" aria-invalid=\"false\" placeholder=\"Email\" value=\"\" type=\"email\" name=\"email-781\" \/><\/span>\n<span class=\"wpcf7-form-control-wrap\" data-name=\"text-720\"><input size=\"40\" maxlength=\"400\" class=\"wpcf7-form-control wpcf7-text\" aria-invalid=\"false\" placeholder=\"Tel\u00e9fono\" value=\"\" type=\"text\" name=\"text-720\" \/><\/span>\n<span class=\"wpcf7-form-control-wrap\" data-name=\"textarea-786\"><textarea cols=\"40\" rows=\"10\" maxlength=\"2000\" class=\"wpcf7-form-control wpcf7-textarea\" aria-invalid=\"false\" placeholder=\"Descripci\u00f3n de tu Proyecto\" name=\"textarea-786\"><\/textarea><\/span>\n<div class=\"tp-contact-7-submit\">\n<button  type=\"submit\" class=\"tp-btn w-100\">Enviar<\/button>\n<\/div><div class=\"wpcf7-response-output\" aria-hidden=\"true\"><\/div>\n<\/form>\n<\/div>\n\t\t\t<\/div>\r\n<\/div>\r\n\r\n\t\t\t\t<\/div>\n\t\t\t\t<\/div>\n\t\t\t\t<\/div>\n\t\t\t\t\t<\/div>\n\t\t\t\t<\/div>\n\t\t<div class=\"elementor-element elementor-element-5c0a532 e-flex e-con-boxed e-con e-parent\" data-id=\"5c0a532\" data-element_type=\"container\">\n\t\t\t\t\t<div class=\"e-con-inner\">\n\t\t<div class=\"elementor-element elementor-element-0cdbc4b e-con-full e-flex e-con e-child\" data-id=\"0cdbc4b\" data-element_type=\"container\">\n\t\t\t\t<div class=\"elementor-element elementor-element-69104ce elementor-widget elementor-widget-services\" data-id=\"69104ce\" data-element_type=\"widget\" data-widget_type=\"services.default\">\n\t\t\t\t<div class=\"elementor-widget-container\">\n\t\t\t\t\t\r\n    <div class=\"tp-service-3-item p-relative tp-el-section \"  >\r\n                <div class=\"tp-service-3-icon tp-align\">\r\n            <span>\r\n                                <i aria-hidden=\"true\" class=\"tp flaticon-phone-call\"><\/i>                            <\/span>\r\n        <\/div>\r\n        \r\n        <div class=\"tp-service-3-content tp-align\">\r\n            <h2 class=\"tp-service-3-title\" href=\"https:\/\/dmreformas.es\/index.php\/servicios\/\"><a >+34 617 61 95 40<\/a><\/h2>            \r\n                    <\/div>\r\n    <\/div>\r\n\r\n\t\t\t\t<\/div>\n\t\t\t\t<\/div>\n\t\t\t\t<\/div>\n\t\t<div class=\"elementor-element elementor-element-17582a8 e-con-full e-flex e-con e-child\" data-id=\"17582a8\" data-element_type=\"container\">\n\t\t\t\t<div class=\"elementor-element elementor-element-e2e9cfe elementor-widget elementor-widget-services\" data-id=\"e2e9cfe\" data-element_type=\"widget\" data-widget_type=\"services.default\">\n\t\t\t\t<div class=\"elementor-widget-container\">\n\t\t\t\t\t\r\n    <div class=\"tp-service-3-item p-relative tp-el-section \"  >\r\n                <div class=\"tp-service-3-icon tp-align\">\r\n            <span>\r\n                                <i aria-hidden=\"true\" class=\"tp flaticon-mail\"><\/i>                            <\/span>\r\n        <\/div>\r\n        \r\n        <div class=\"tp-service-3-content tp-align\">\r\n            <h2 class=\"tp-service-3-title\" href=\"https:\/\/dmreformas.es\/index.php\/servicios\/\"><a >info@dmreformas.es<\/a><\/h2>            \r\n                    <\/div>\r\n    <\/div>\r\n\r\n\t\t\t\t<\/div>\n\t\t\t\t<\/div>\n\t\t\t\t<\/div>\n\t\t\t\t\t<\/div>\n\t\t\t\t<\/div>\n\t\t<div class=\"elementor-element elementor-element-55246fa e-con-full e-flex e-con e-parent\" data-id=\"55246fa\" data-element_type=\"container\" data-settings=\"{&quot;background_background&quot;:&quot;classic&quot;}\">\n\t\t\t\t<div class=\"elementor-element elementor-element-f5bb9c2 elementor-widget elementor-widget-spacer\" data-id=\"f5bb9c2\" data-element_type=\"widget\" data-widget_type=\"spacer.default\">\n\t\t\t\t<div class=\"elementor-widget-container\">\n\t\t\t\t\t\t\t<div class=\"elementor-spacer\">\n\t\t\t<div class=\"elementor-spacer-inner\"><\/div>\n\t\t<\/div>\n\t\t\t\t\t\t<\/div>\n\t\t\t\t<\/div>\n\t\t\t\t<\/div>\n\t\t\t\t<\/div>\n\t\t","protected":false},"excerpt":{"rendered":"<p>Servicios DM PROYECTOS Y REFORMAS Nuestros Servicios Ba\u00f1os y Cocinas Dise\u00f1o, planificaci\u00f3n y reforma integral de ba\u00f1os y cocinas, adaptados a tu estilo de vida. Piscinas Reformas de piscinas personalizadas: mejora de revestimientos, sistemas de filtrado, iluminaci\u00f3n y dise\u00f1o Locales Creamos espacios comerciales personalizados que reflejan la identidad de tu marca y optimizan el uso [&hellip;]<\/p>\n","protected":false},"author":1,"featured_media":0,"parent":0,"menu_order":0,"comment_status":"closed","ping_status":"closed","template":"elementor_header_footer","meta":{"footnotes":""},"class_list":["post-4868","page","type-page","status-publish","hentry"],"_links":{"self":[{"href":"https:\/\/dmreformas.es\/index.php\/wp-json\/wp\/v2\/pages\/4868","targetHints":{"allow":["GET"]}}],"collection":[{"href":"https:\/\/dmreformas.es\/index.php\/wp-json\/wp\/v2\/pages"}],"about":[{"href":"https:\/\/dmreformas.es\/index.php\/wp-json\/wp\/v2\/types\/page"}],"author":[{"embeddable":true,"href":"https:\/\/dmreformas.es\/index.php\/wp-json\/wp\/v2\/users\/1"}],"replies":[{"embeddable":true,"href":"https:\/\/dmreformas.es\/index.php\/wp-json\/wp\/v2\/comments?post=4868"}],"version-history":[{"count":8,"href":"https:\/\/dmreformas.es\/index.php\/wp-json\/wp\/v2\/pages\/4868\/revisions"}],"predecessor-version":[{"id":5204,"href":"https:\/\/dmreformas.es\/index.php\/wp-json\/wp\/v2\/pages\/4868\/revisions\/5204"}],"wp:attachment":[{"href":"https:\/\/dmreformas.es\/index.php\/wp-json\/wp\/v2\/media?parent=4868"}],"curies":[{"name":"wp","href":"https:\/\/api.w.org\/{rel}","templated":true}]}}