{"id":4877,"date":"2025-06-18T16:50:59","date_gmt":"2025-06-18T14:50:59","guid":{"rendered":"https:\/\/dmreformas.es\/?page_id=4877"},"modified":"2025-06-19T12:25:21","modified_gmt":"2025-06-19T10:25:21","slug":"quienes-somos","status":"publish","type":"page","link":"https:\/\/dmreformas.es\/index.php\/quienes-somos\/","title":{"rendered":"Quienes Somos"},"content":{"rendered":"\t\t<div data-elementor-type=\"wp-page\" data-elementor-id=\"4877\" class=\"elementor elementor-4877\" data-elementor-post-type=\"page\">\n\t\t\t\t<div class=\"elementor-element elementor-element-689d31b e-con-full e-flex e-con e-parent\" data-id=\"689d31b\" data-element_type=\"container\" data-settings=\"{&quot;background_background&quot;:&quot;classic&quot;}\">\n\t\t\t\t<div class=\"elementor-element elementor-element-162da95 elementor-widget elementor-widget-spacer\" data-id=\"162da95\" data-element_type=\"widget\" data-widget_type=\"spacer.default\">\n\t\t\t\t<div class=\"elementor-widget-container\">\n\t\t\t\t\t\t\t<div class=\"elementor-spacer\">\n\t\t\t<div class=\"elementor-spacer-inner\"><\/div>\n\t\t<\/div>\n\t\t\t\t\t\t<\/div>\n\t\t\t\t<\/div>\n\t\t\t\t<\/div>\n\t\t<div class=\"elementor-element elementor-element-8a2459f e-flex e-con-boxed e-con e-parent\" data-id=\"8a2459f\" data-element_type=\"container\">\n\t\t\t\t\t<div class=\"e-con-inner\">\n\t\t<div class=\"elementor-element elementor-element-07c7ed9 e-con-full e-flex e-con e-child\" data-id=\"07c7ed9\" data-element_type=\"container\">\n\t\t\t\t<div class=\"elementor-element elementor-element-22d7cdb elementor-widget elementor-widget-services\" data-id=\"22d7cdb\" data-element_type=\"widget\" data-widget_type=\"services.default\">\n\t\t\t\t<div class=\"elementor-widget-container\">\n\t\t\t\t\t\r\n    <div class=\"tp-service-3-item p-relative tp-el-section \"  >\r\n                <div class=\"tp-service-3-icon tp-align\">\r\n            <span>\r\n                                <img decoding=\"async\" src=\"https:\/\/dmreformas.es\/wp-content\/uploads\/2025\/06\/dm_viviendas_-1.png\"\r\n                alt=\"\">\r\n                            <\/span>\r\n        <\/div>\r\n        \r\n        <div class=\"tp-service-3-content tp-align\">\r\n            <h2 class=\"tp-service-3-title\" href=\"https:\/\/dmreformas.es\/index.php\/quienes-somos\/\"><a >Calidad y profesionalismo en cada proyecto<\/a><\/h2>            \r\n                    <\/div>\r\n    <\/div>\r\n\r\n\t\t\t\t<\/div>\n\t\t\t\t<\/div>\n\t\t\t\t<\/div>\n\t\t<div class=\"elementor-element elementor-element-6a1b7fc e-con-full e-flex e-con e-child\" data-id=\"6a1b7fc\" data-element_type=\"container\">\n\t\t\t\t<div class=\"elementor-element elementor-element-d8f2f5c elementor-widget elementor-widget-services\" data-id=\"d8f2f5c\" data-element_type=\"widget\" data-widget_type=\"services.default\">\n\t\t\t\t<div class=\"elementor-widget-container\">\n\t\t\t\t\t\r\n    <div class=\"tp-service-3-item p-relative tp-el-section \"  >\r\n                <div class=\"tp-service-3-icon tp-align\">\r\n            <span>\r\n                                <img decoding=\"async\" src=\"https:\/\/dmreformas.es\/wp-content\/uploads\/2025\/06\/dm_entradas_-1.png\"\r\n                alt=\"\">\r\n                            <\/span>\r\n        <\/div>\r\n        \r\n        <div class=\"tp-service-3-content tp-align\">\r\n            <h2 class=\"tp-service-3-title\" href=\"https:\/\/dmreformas.es\/index.php\/quienes-somos\/\"><a >Atenci\u00f3n personalizada y soluciones a medida<\/a><\/h2>            \r\n                    <\/div>\r\n    <\/div>\r\n\r\n\t\t\t\t<\/div>\n\t\t\t\t<\/div>\n\t\t\t\t<\/div>\n\t\t<div class=\"elementor-element elementor-element-da3dde4 e-con-full e-flex e-con e-child\" data-id=\"da3dde4\" data-element_type=\"container\">\n\t\t\t\t<div class=\"elementor-element elementor-element-3339a3e elementor-widget elementor-widget-services\" data-id=\"3339a3e\" data-element_type=\"widget\" data-widget_type=\"services.default\">\n\t\t\t\t<div class=\"elementor-widget-container\">\n\t\t\t\t\t\r\n    <div class=\"tp-service-3-item p-relative tp-el-section \"  >\r\n                <div class=\"tp-service-3-icon tp-align\">\r\n            <span>\r\n                                <img decoding=\"async\" src=\"https:\/\/dmreformas.es\/wp-content\/uploads\/2025\/06\/dm_cocinas_-1.png\"\r\n                alt=\"\">\r\n                            <\/span>\r\n        <\/div>\r\n        \r\n        <div class=\"tp-service-3-content tp-align\">\r\n            <h2 class=\"tp-service-3-title\" href=\"https:\/\/dmreformas.es\/index.php\/quienes-somos\/\"><a >Materiales de calidad y acabados duraderos<\/a><\/h2>            \r\n                    <\/div>\r\n    <\/div>\r\n\r\n\t\t\t\t<\/div>\n\t\t\t\t<\/div>\n\t\t\t\t<\/div>\n\t\t<div class=\"elementor-element elementor-element-f08b3eb e-con-full e-flex e-con e-child\" data-id=\"f08b3eb\" data-element_type=\"container\">\n\t\t\t\t<div class=\"elementor-element elementor-element-e22bf22 elementor-widget elementor-widget-services\" data-id=\"e22bf22\" data-element_type=\"widget\" data-widget_type=\"services.default\">\n\t\t\t\t<div class=\"elementor-widget-container\">\n\t\t\t\t\t\r\n    <div class=\"tp-service-3-item p-relative tp-el-section \"  >\r\n                <div class=\"tp-service-3-icon tp-align\">\r\n            <span>\r\n                                <img decoding=\"async\" src=\"https:\/\/dmreformas.es\/wp-content\/uploads\/2025\/06\/dm_locales-1.png\"\r\n                alt=\"\">\r\n                            <\/span>\r\n        <\/div>\r\n        \r\n        <div class=\"tp-service-3-content tp-align\">\r\n            <h2 class=\"tp-service-3-title\" href=\"https:\/\/dmreformas.es\/index.php\/quienes-somos\/\"><a >Experiencia y compromiso que garantizan tu satisfacci\u00f3n<\/a><\/h2>            \r\n                    <\/div>\r\n    <\/div>\r\n\r\n\t\t\t\t<\/div>\n\t\t\t\t<\/div>\n\t\t\t\t<\/div>\n\t\t\t\t\t<\/div>\n\t\t\t\t<\/div>\n\t\t<div class=\"elementor-element elementor-element-2e2fb7e e-flex e-con-boxed e-con e-parent\" data-id=\"2e2fb7e\" data-element_type=\"container\">\n\t\t\t\t\t<div class=\"e-con-inner\">\n\t\t\t\t<div class=\"elementor-element elementor-element-8851a2d elementor-widget elementor-widget-text-editor\" data-id=\"8851a2d\" data-element_type=\"widget\" data-widget_type=\"text-editor.default\">\n\t\t\t\t<div class=\"elementor-widget-container\">\n\t\t\t\t\t\t\t\t\t<p data-start=\"213\" data-end=\"603\">En <strong data-start=\"216\" data-end=\"243\">DM Proyectos y Reformas<\/strong> somos una empresa especializada en la ejecuci\u00f3n de reformas integrales y proyectos personalizados, tanto en espacios residenciales como comerciales. Con una s\u00f3lida trayectoria en el sector de la construcci\u00f3n y la rehabilitaci\u00f3n, nos caracterizamos por ofrecer un servicio completo que abarca desde la planificaci\u00f3n inicial hasta la entrega final del proyecto.<\/p><p data-start=\"605\" data-end=\"848\">Contamos con un equipo t\u00e9cnico multidisciplinar formado por arquitectos, dise\u00f1adores, jefes de obra y profesionales cualificados que trabajan de forma coordinada para garantizar resultados de alta calidad, funcionales y est\u00e9ticamente cuidados.<\/p><p data-start=\"850\" data-end=\"1198\">Nos diferenciamos por nuestra capacidad de adaptaci\u00f3n a las necesidades de cada cliente, el uso de materiales de primera calidad, y un riguroso control en la ejecuci\u00f3n, los plazos y el presupuesto. Adem\u00e1s, apostamos por una comunicaci\u00f3n fluida y transparente en todas las etapas del proceso, asegurando confianza y tranquilidad desde el primer d\u00eda.<\/p><p data-start=\"1200\" data-end=\"1352\">Nuestro objetivo es claro: ofrecer soluciones duraderas, bien dise\u00f1adas y orientadas a mejorar la funcionalidad, el valor y la est\u00e9tica de cada espacio.<\/p>\t\t\t\t\t\t\t\t<\/div>\n\t\t\t\t<\/div>\n\t\t\t\t\t<\/div>\n\t\t\t\t<\/div>\n\t\t<div class=\"elementor-element elementor-element-b37168e e-flex e-con-boxed e-con e-parent\" data-id=\"b37168e\" data-element_type=\"container\">\n\t\t\t\t\t<div class=\"e-con-inner\">\n\t\t\t\t<div class=\"elementor-element elementor-element-d314d6a elementor-widget elementor-widget-tp-about-tab\" data-id=\"d314d6a\" data-element_type=\"widget\" data-widget_type=\"tp-about-tab.default\">\n\t\t\t\t<div class=\"elementor-widget-container\">\n\t\t\t\t\t\r\n\r\n<section class=\"tp-feature-area p-relative pb-120\">\r\n    <div class=\"tp-feature-text\">\r\n\r\n            <h2 class=\"tp-feature-text-title\">Feature Title<\/h2>\r\n    \r\n            <img decoding=\"async\" class=\"tp-feature-shape-1\" src=\"https:\/\/dmreformas.es\/wp-content\/themes\/ishpat\/assets\/img\/feature\/feature-1-shape.png\" alt=\"\">\r\n    \r\n    <\/div>\r\n    <div class=\"container\">\r\n    <div class=\"row\">\r\n        <div class=\"col-lg-4\">\r\n            <div class=\"tp-feature-tab-btn\">\r\n                <ul class=\"nav nav-pills mb-60 justify-content-center wow fadeInUp\" data-wow-duration=\"1s\" data-wow-delay=\".3s\" id=\"pills-tab\" role=\"tablist\">\r\n\r\n                                    <li class=\"nav-item\" role=\"presentation\">\r\n                        <div class=\"nav-link active show\" id=\"pills-home-tab-1\" data-bs-toggle=\"pill\" data-bs-target=\"#pills-home-1\" role=\"tab\" aria-controls=\"pills-home-1\" aria-selected=\"true\">\r\n                                                            <p>DM Proyectos y Reformas<\/p>\r\n                                                        <h3 class=\"tp-feature-tab-title\">Quienes Somos<\/h3>\r\n                        <\/div>\r\n                    <\/li>\r\n                                    <li class=\"nav-item\" role=\"presentation\">\r\n                        <div class=\"nav-link \" id=\"pills-home-tab-2\" data-bs-toggle=\"pill\" data-bs-target=\"#pills-home-2\" role=\"tab\" aria-controls=\"pills-home-2\" aria-selected=\"true\">\r\n                                                            <p>DM Proyectos y Reformas<\/p>\r\n                                                        <h3 class=\"tp-feature-tab-title\">Nuestro Compromiso<\/h3>\r\n                        <\/div>\r\n                    <\/li>\r\n                                    <li class=\"nav-item\" role=\"presentation\">\r\n                        <div class=\"nav-link \" id=\"pills-home-tab-3\" data-bs-toggle=\"pill\" data-bs-target=\"#pills-home-3\" role=\"tab\" aria-controls=\"pills-home-3\" aria-selected=\"true\">\r\n                                                            <p>DM Proyectos y Reformas<\/p>\r\n                                                        <h3 class=\"tp-feature-tab-title\">Misi\u00f3n<\/h3>\r\n                        <\/div>\r\n                    <\/li>\r\n                                   \r\n                <\/ul>\r\n            <\/div>\r\n        <\/div>\r\n        <div class=\"col-lg-8\">\r\n            <div class=\"tp-feature-tab-content\">\r\n                <div class=\"tab-content\" id=\"pills-tabContent\">\r\n                                        <div class=\"tab-pane fade show active\" id=\"pills-home-1\" role=\"tabpanel\" aria-labelledby=\"pills-home-tab-1\">\r\n                        <div class=\"tp-feature-tab-thumb\">\r\n                        <img decoding=\"async\" src=\"https:\/\/dmreformas.es\/wp-content\/uploads\/2025\/06\/trabajador-que-instala-pisos-laminados-de-madera-scaled.jpg\" alt=\"\">\r\n                            <div class=\"tp-feature-tab-box\">\r\n                                                                    <h4 class=\"tp-feature-tab-title\">En DM Proyectos y Reformas somos un equipo de profesionales especializados en reformas integrales.<\/h4>\r\n                                \r\n                                \r\n                                <svg class=\"qodef-svg--custom-arrow qodef-m-arrow\" xmlns=\"http:\/\/www.w3.org\/2000\/svg\" width=\"14.2\" height=\"14.2\" viewBox=\"0 0 14.2 14.2\">\r\n                                    <g><path d=\"M13.2 9V1h-8M13.4.8.7 13.5\"><\/path><path d=\"M13.2 9V1h-8M13.4.8.7 13.5\"><\/path><\/g>\r\n                                    <g><path d=\"M13.2 9V1h-8M13.4.8.7 13.5\"><\/path><path d=\"M13.2 9V1h-8M13.4.8.7 13.5\"><\/path><\/g>\r\n                                    <\/svg>\r\n                                <\/a>\r\n\r\n                            <\/div>\r\n                        <\/div>\r\n                    <\/div>\r\n                                        <div class=\"tab-pane fade show \" id=\"pills-home-2\" role=\"tabpanel\" aria-labelledby=\"pills-home-tab-2\">\r\n                        <div class=\"tp-feature-tab-thumb\">\r\n                        <img decoding=\"async\" src=\"https:\/\/dmreformas.es\/wp-content\/uploads\/2025\/06\/vista-de-arriba-hacia-abajo-de-la-zona-de-la-piscina-al-aire-libre-de-lujo-silla-de-salon-sombrilla-pequena-mesa-de-comedor-perfecto-verano-scaled.jpg\" alt=\"\">\r\n                            <div class=\"tp-feature-tab-box\">\r\n                                                                    <h4 class=\"tp-feature-tab-title\">Espacios bien pensados, resultados duraderos y un trato cercano y transparente.<\/h4>\r\n                                \r\n                                \r\n                                <svg class=\"qodef-svg--custom-arrow qodef-m-arrow\" xmlns=\"http:\/\/www.w3.org\/2000\/svg\" width=\"14.2\" height=\"14.2\" viewBox=\"0 0 14.2 14.2\">\r\n                                    <g><path d=\"M13.2 9V1h-8M13.4.8.7 13.5\"><\/path><path d=\"M13.2 9V1h-8M13.4.8.7 13.5\"><\/path><\/g>\r\n                                    <g><path d=\"M13.2 9V1h-8M13.4.8.7 13.5\"><\/path><path d=\"M13.2 9V1h-8M13.4.8.7 13.5\"><\/path><\/g>\r\n                                    <\/svg>\r\n                                <\/a>\r\n\r\n                            <\/div>\r\n                        <\/div>\r\n                    <\/div>\r\n                                        <div class=\"tab-pane fade show \" id=\"pills-home-3\" role=\"tabpanel\" aria-labelledby=\"pills-home-tab-3\">\r\n                        <div class=\"tp-feature-tab-thumb\">\r\n                        <img decoding=\"async\" src=\"https:\/\/dmreformas.es\/wp-content\/uploads\/2025\/06\/sala-de-estar-elegante-con-paredes-naranjas-un-sofa-gris-y-plantas-scaled.jpg\" alt=\"\">\r\n                            <div class=\"tp-feature-tab-box\">\r\n                                                                    <h4 class=\"tp-feature-tab-title\">Con a\u00f1os de experiencia en el sector, unimos dise\u00f1o, funcionalidad y calidad para ofrecer soluciones que se adaptan a cada cliente.<\/h4>\r\n                                \r\n                                \r\n                                <svg class=\"qodef-svg--custom-arrow qodef-m-arrow\" xmlns=\"http:\/\/www.w3.org\/2000\/svg\" width=\"14.2\" height=\"14.2\" viewBox=\"0 0 14.2 14.2\">\r\n                                    <g><path d=\"M13.2 9V1h-8M13.4.8.7 13.5\"><\/path><path d=\"M13.2 9V1h-8M13.4.8.7 13.5\"><\/path><\/g>\r\n                                    <g><path d=\"M13.2 9V1h-8M13.4.8.7 13.5\"><\/path><path d=\"M13.2 9V1h-8M13.4.8.7 13.5\"><\/path><\/g>\r\n                                    <\/svg>\r\n                                <\/a>\r\n\r\n                            <\/div>\r\n                        <\/div>\r\n                    <\/div>\r\n                                    <\/div>\r\n            <\/div>\r\n        <\/div>\r\n    <\/div>\r\n    <\/div>\r\n<\/section>\r\n\r\n\t\t\t\t<\/div>\n\t\t\t\t<\/div>\n\t\t\t\t\t<\/div>\n\t\t\t\t<\/div>\n\t\t<div class=\"elementor-element elementor-element-8140024 e-flex e-con-boxed e-con e-parent\" data-id=\"8140024\" data-element_type=\"container\" data-settings=\"{&quot;background_background&quot;:&quot;classic&quot;}\">\n\t\t\t\t\t<div class=\"e-con-inner\">\n\t\t<div class=\"elementor-element elementor-element-213cebe e-con-full e-flex e-con e-child\" data-id=\"213cebe\" data-element_type=\"container\">\n\t\t\t\t<div class=\"elementor-element elementor-element-1e378ed elementor-widget elementor-widget-tp-contact-form\" data-id=\"1e378ed\" data-element_type=\"widget\" data-widget_type=\"tp-contact-form.default\">\n\t\t\t\t<div class=\"elementor-widget-container\">\n\t\t\t\t\t\r\n\r\n<div class=\"tp-team-details-form\">\r\n\t\t<span class=\"tp-section-title-pre-2\">Contacta con nosotros<\/span>\r\n\t\t<h2 class=\"tp-team-details-form-title\">Te asesoramos sin compromiso.<\/h2>\t\t<p>En DM Proyectos y Reformas ponemos a tu disposici\u00f3n un equipo t\u00e9cnico cualificado para asesorarte en cada fase de tu proyecto.\nSi deseas solicitar informaci\u00f3n, concertar una visita o recibir un presupuesto personalizado, no dudes en ponerte en contacto con nosotros<\/p>\r\n\t\t<div class=\"tp-team-details-form-wrap\">\r\n\t\t\t\t\n<div class=\"wpcf7 no-js\" id=\"wpcf7-f1729-o1\" lang=\"en-US\" dir=\"ltr\" data-wpcf7-id=\"1729\">\n<div class=\"screen-reader-response\"><p role=\"status\" aria-live=\"polite\" aria-atomic=\"true\"><\/p> <ul><\/ul><\/div>\n<form action=\"\/index.php\/wp-json\/wp\/v2\/pages\/4877#wpcf7-f1729-o1\" method=\"post\" class=\"wpcf7-form init\" aria-label=\"Contact form\" novalidate=\"novalidate\" data-status=\"init\">\n<div style=\"display: none;\">\n<input type=\"hidden\" name=\"_wpcf7\" value=\"1729\" \/>\n<input type=\"hidden\" name=\"_wpcf7_version\" value=\"6.0.6\" \/>\n<input type=\"hidden\" name=\"_wpcf7_locale\" value=\"en_US\" \/>\n<input type=\"hidden\" name=\"_wpcf7_unit_tag\" value=\"wpcf7-f1729-o1\" \/>\n<input type=\"hidden\" name=\"_wpcf7_container_post\" value=\"0\" \/>\n<input type=\"hidden\" name=\"_wpcf7_posted_data_hash\" value=\"\" \/>\n<\/div>\n<span class=\"wpcf7-form-control-wrap\" data-name=\"text-719\"><input size=\"40\" maxlength=\"400\" class=\"wpcf7-form-control wpcf7-text\" aria-invalid=\"false\" placeholder=\"Nombre y Apellidos\" value=\"\" type=\"text\" name=\"text-719\" \/><\/span>\n<span class=\"wpcf7-form-control-wrap\" data-name=\"email-781\"><input size=\"40\" maxlength=\"400\" class=\"wpcf7-form-control wpcf7-email wpcf7-text wpcf7-validates-as-email\" aria-invalid=\"false\" placeholder=\"Email\" value=\"\" type=\"email\" name=\"email-781\" \/><\/span>\n<span class=\"wpcf7-form-control-wrap\" data-name=\"text-720\"><input size=\"40\" maxlength=\"400\" class=\"wpcf7-form-control wpcf7-text\" aria-invalid=\"false\" placeholder=\"Tel\u00e9fono\" value=\"\" type=\"text\" name=\"text-720\" \/><\/span>\n<span class=\"wpcf7-form-control-wrap\" data-name=\"textarea-786\"><textarea cols=\"40\" rows=\"10\" maxlength=\"2000\" class=\"wpcf7-form-control wpcf7-textarea\" aria-invalid=\"false\" placeholder=\"Descripci\u00f3n de tu Proyecto\" name=\"textarea-786\"><\/textarea><\/span>\n<div class=\"tp-contact-7-submit\">\n<button  type=\"submit\" class=\"tp-btn w-100\">Enviar<\/button>\n<\/div><div class=\"wpcf7-response-output\" aria-hidden=\"true\"><\/div>\n<\/form>\n<\/div>\n\t\t\t<\/div>\r\n<\/div>\r\n\r\n\t\t\t\t<\/div>\n\t\t\t\t<\/div>\n\t\t\t\t<\/div>\n\t\t\t\t\t<\/div>\n\t\t\t\t<\/div>\n\t\t<div class=\"elementor-element elementor-element-5c0a532 e-flex e-con-boxed e-con e-parent\" data-id=\"5c0a532\" data-element_type=\"container\">\n\t\t\t\t\t<div class=\"e-con-inner\">\n\t\t<div class=\"elementor-element elementor-element-0cdbc4b e-con-full e-flex e-con e-child\" data-id=\"0cdbc4b\" data-element_type=\"container\">\n\t\t\t\t<div class=\"elementor-element elementor-element-69104ce elementor-widget elementor-widget-services\" data-id=\"69104ce\" data-element_type=\"widget\" data-widget_type=\"services.default\">\n\t\t\t\t<div class=\"elementor-widget-container\">\n\t\t\t\t\t\r\n    <div class=\"tp-service-3-item p-relative tp-el-section \"  >\r\n                <div class=\"tp-service-3-icon tp-align\">\r\n            <span>\r\n                                <i aria-hidden=\"true\" class=\"tp flaticon-phone-call\"><\/i>                            <\/span>\r\n        <\/div>\r\n        \r\n        <div class=\"tp-service-3-content tp-align\">\r\n            <h2 class=\"tp-service-3-title\" href=\"https:\/\/dmreformas.es\/index.php\/quienes-somos\/\"><a >+34 617 61 95 40<\/a><\/h2>            \r\n                    <\/div>\r\n    <\/div>\r\n\r\n\t\t\t\t<\/div>\n\t\t\t\t<\/div>\n\t\t\t\t<\/div>\n\t\t<div class=\"elementor-element elementor-element-17582a8 e-con-full e-flex e-con e-child\" data-id=\"17582a8\" data-element_type=\"container\">\n\t\t\t\t<div class=\"elementor-element elementor-element-e2e9cfe elementor-widget elementor-widget-services\" data-id=\"e2e9cfe\" data-element_type=\"widget\" data-widget_type=\"services.default\">\n\t\t\t\t<div class=\"elementor-widget-container\">\n\t\t\t\t\t\r\n    <div class=\"tp-service-3-item p-relative tp-el-section \"  >\r\n                <div class=\"tp-service-3-icon tp-align\">\r\n            <span>\r\n                                <i aria-hidden=\"true\" class=\"tp flaticon-mail\"><\/i>                            <\/span>\r\n        <\/div>\r\n        \r\n        <div class=\"tp-service-3-content tp-align\">\r\n            <h2 class=\"tp-service-3-title\" href=\"https:\/\/dmreformas.es\/index.php\/quienes-somos\/\"><a >info@dmreformas.es<\/a><\/h2>            \r\n                    <\/div>\r\n    <\/div>\r\n\r\n\t\t\t\t<\/div>\n\t\t\t\t<\/div>\n\t\t\t\t<\/div>\n\t\t\t\t\t<\/div>\n\t\t\t\t<\/div>\n\t\t<div class=\"elementor-element elementor-element-55246fa e-con-full e-flex e-con e-parent\" data-id=\"55246fa\" data-element_type=\"container\" data-settings=\"{&quot;background_background&quot;:&quot;classic&quot;}\">\n\t\t\t\t<div class=\"elementor-element elementor-element-f5bb9c2 elementor-widget elementor-widget-spacer\" data-id=\"f5bb9c2\" data-element_type=\"widget\" data-widget_type=\"spacer.default\">\n\t\t\t\t<div class=\"elementor-widget-container\">\n\t\t\t\t\t\t\t<div class=\"elementor-spacer\">\n\t\t\t<div class=\"elementor-spacer-inner\"><\/div>\n\t\t<\/div>\n\t\t\t\t\t\t<\/div>\n\t\t\t\t<\/div>\n\t\t\t\t<\/div>\n\t\t\t\t<\/div>\n\t\t","protected":false},"excerpt":{"rendered":"<p>Calidad y profesionalismo en cada proyecto Atenci\u00f3n personalizada y soluciones a medida Materiales de calidad y acabados duraderos Experiencia y compromiso que garantizan tu satisfacci\u00f3n En DM Proyectos y Reformas somos una empresa especializada en la ejecuci\u00f3n de reformas integrales y proyectos personalizados, tanto en espacios residenciales como comerciales. Con una s\u00f3lida trayectoria en el [&hellip;]<\/p>\n","protected":false},"author":1,"featured_media":0,"parent":0,"menu_order":0,"comment_status":"closed","ping_status":"closed","template":"elementor_header_footer","meta":{"footnotes":""},"class_list":["post-4877","page","type-page","status-publish","hentry"],"_links":{"self":[{"href":"https:\/\/dmreformas.es\/index.php\/wp-json\/wp\/v2\/pages\/4877","targetHints":{"allow":["GET"]}}],"collection":[{"href":"https:\/\/dmreformas.es\/index.php\/wp-json\/wp\/v2\/pages"}],"about":[{"href":"https:\/\/dmreformas.es\/index.php\/wp-json\/wp\/v2\/types\/page"}],"author":[{"embeddable":true,"href":"https:\/\/dmreformas.es\/index.php\/wp-json\/wp\/v2\/users\/1"}],"replies":[{"embeddable":true,"href":"https:\/\/dmreformas.es\/index.php\/wp-json\/wp\/v2\/comments?post=4877"}],"version-history":[{"count":7,"href":"https:\/\/dmreformas.es\/index.php\/wp-json\/wp\/v2\/pages\/4877\/revisions"}],"predecessor-version":[{"id":4886,"href":"https:\/\/dmreformas.es\/index.php\/wp-json\/wp\/v2\/pages\/4877\/revisions\/4886"}],"wp:attachment":[{"href":"https:\/\/dmreformas.es\/index.php\/wp-json\/wp\/v2\/media?parent=4877"}],"curies":[{"name":"wp","href":"https:\/\/api.w.org\/{rel}","templated":true}]}}